{"id":2032,"date":"2023-04-16T20:30:25","date_gmt":"2023-04-16T20:30:25","guid":{"rendered":"https:\/\/charter-makarska.com\/nova\/?page_id=2032"},"modified":"2023-04-21T12:29:30","modified_gmt":"2023-04-21T12:29:30","slug":"jeanneau-prestige-36","status":"publish","type":"page","link":"https:\/\/charter-makarska.com\/nova\/jeanneau-prestige-36\/","title":{"rendered":"Jeanneau Prestige 36"},"content":{"rendered":"\t\t<div data-elementor-type=\"wp-page\" data-elementor-id=\"2032\" class=\"elementor elementor-2032\">\n\t\t\t\t\t\t<section class=\"elementor-section elementor-top-section elementor-element elementor-element-45e46a3 elementor-section-boxed elementor-section-height-default elementor-section-height-default\" data-id=\"45e46a3\" data-element_type=\"section\" data-e-type=\"section\">\n\t\t\t\t\t\t<div class=\"elementor-container elementor-column-gap-default\">\n\t\t\t\t\t<div class=\"elementor-column elementor-col-100 elementor-top-column elementor-element elementor-element-eec31e5\" data-id=\"eec31e5\" data-element_type=\"column\" data-e-type=\"column\">\n\t\t\t<div class=\"elementor-widget-wrap elementor-element-populated\">\n\t\t\t\t\t\t<div class=\"elementor-element elementor-element-c370bbd elementor-widget elementor-widget-heading\" data-id=\"c370bbd\" data-element_type=\"widget\" data-e-type=\"widget\" data-widget_type=\"heading.default\">\n\t\t\t\t<div class=\"elementor-widget-container\">\n\t\t\t\t\t<h2 class=\"elementor-heading-title elementor-size-default\">Jeanneau Prestige 36<\/h2>\t\t\t\t<\/div>\n\t\t\t\t<\/div>\n\t\t\t\t<div class=\"elementor-element elementor-element-2dcf786 bdt-navigation-type-both bdt-item-match-height--yes bdt-carousel-style-carousel elementor-widget elementor-widget-bdt-static-carousel\" data-id=\"2dcf786\" data-element_type=\"widget\" data-e-type=\"widget\" data-widget_type=\"bdt-static-carousel.default\">\n\t\t\t\t<div class=\"elementor-widget-container\">\n\t\t\t\t\t\t\t<div id=\"bdt-static-carousel-2dcf786\" class=\"bdt-arrows-dots-align-center bdt-static-carousel\" data-settings=\"{&quot;autoplay&quot;:{&quot;delay&quot;:5000,&quot;disableOnInteraction&quot;:false},&quot;loop&quot;:true,&quot;speed&quot;:500,&quot;slidesPerView&quot;:1,&quot;slidesPerGroup&quot;:1,&quot;effect&quot;:&quot;carousel&quot;,&quot;breakpoints&quot;:{&quot;767&quot;:{&quot;slidesPerView&quot;:2,&quot;spaceBetween&quot;:0,&quot;slidesPerGroup&quot;:1},&quot;1023&quot;:{&quot;slidesPerView&quot;:3,&quot;spaceBetween&quot;:35,&quot;slidesPerGroup&quot;:1}},&quot;navigation&quot;:{&quot;nextEl&quot;:&quot;#bdt-static-carousel-2dcf786 .bdt-navigation-next&quot;,&quot;prevEl&quot;:&quot;#bdt-static-carousel-2dcf786 .bdt-navigation-prev&quot;},&quot;pagination&quot;:{&quot;el&quot;:&quot;#bdt-static-carousel-2dcf786 .swiper-pagination&quot;,&quot;type&quot;:&quot;bullets&quot;,&quot;clickable&quot;:&quot;true&quot;,&quot;dynamicBullets&quot;:false},&quot;scrollbar&quot;:{&quot;el&quot;:&quot;#bdt-static-carousel-2dcf786 .swiper-scrollbar&quot;,&quot;hide&quot;:&quot;true&quot;},&quot;coverflowEffect&quot;:{&quot;rotate&quot;:50,&quot;stretch&quot;:0,&quot;depth&quot;:100,&quot;modifier&quot;:1,&quot;slideShadows&quot;:true}}\">\n\t\t\t<div class=\"swiper-carousel swiper\" role=\"region\" aria-roledescription=\"carousel\" aria-label=\"Static Carousel\" dir=\"ltr\">\n\t\t\t\t<div class=\"swiper-wrapper\">\n\t\t\t\t\t\t\t\t\t\t<div class=\"bdt-ep-static-carousel-item swiper-slide\">\n\t\t\t\t\t\t<div class=\"bdt-flex bdt-ep-static-carousel-image\">\n\t\t\t<img fetchpriority=\"high\" decoding=\"async\" width=\"1000\" height=\"670\" src=\"https:\/\/charter-makarska.com\/nova\/wp-content\/uploads\/2023\/04\/Jeanneau_prestige_36-01-1000x670-1.jpg\" class=\"attachment-full size-full\" alt=\"This is a title\" srcset=\"https:\/\/charter-makarska.com\/nova\/wp-content\/uploads\/2023\/04\/Jeanneau_prestige_36-01-1000x670-1.jpg 1000w, https:\/\/charter-makarska.com\/nova\/wp-content\/uploads\/2023\/04\/Jeanneau_prestige_36-01-1000x670-1-300x201.jpg 300w, https:\/\/charter-makarska.com\/nova\/wp-content\/uploads\/2023\/04\/Jeanneau_prestige_36-01-1000x670-1-768x515.jpg 768w\" sizes=\"(max-width: 1000px) 100vw, 1000px\" \/>\t\t\t\t\t<\/div>\n\t\t\t\t\t\t<div class=\"bdt-ep-static-carousel-content\">\n\t\t\t\t\t\t\t\t\t\t\t\t\t\t\t\t\t\t\t\t\t\t<div class=\"bdt-ep-static-carousel-readmore-wrap\">\n\t\t\t<a class=\"bdt-ep-static-carousel-readmore\" href=\"https:\/\/wa.me\/385955075607\">\n\t\t\t\tRead More\t\t\t\t\t\t\t<\/a>\n\t\t<\/div>\n\t\t\t\t\t\t<\/div>\n\t\t\t\t\t\t\t<\/div>\n\t\t\t\t\t\t\t\t<div class=\"bdt-ep-static-carousel-item swiper-slide\">\n\t\t\t\t\t\t<div class=\"bdt-flex bdt-ep-static-carousel-image bdt-flex bdt-ep-static-carousel-image\">\n\t\t\t<img decoding=\"async\" width=\"1000\" height=\"670\" src=\"https:\/\/charter-makarska.com\/nova\/wp-content\/uploads\/2023\/04\/Jeanneau_prestige_36-02-1000x670-1.jpg\" class=\"attachment-full size-full\" alt=\"This is a title\" srcset=\"https:\/\/charter-makarska.com\/nova\/wp-content\/uploads\/2023\/04\/Jeanneau_prestige_36-02-1000x670-1.jpg 1000w, https:\/\/charter-makarska.com\/nova\/wp-content\/uploads\/2023\/04\/Jeanneau_prestige_36-02-1000x670-1-300x201.jpg 300w, https:\/\/charter-makarska.com\/nova\/wp-content\/uploads\/2023\/04\/Jeanneau_prestige_36-02-1000x670-1-768x515.jpg 768w\" sizes=\"(max-width: 1000px) 100vw, 1000px\" \/>\t\t\t\t\t<\/div>\n\t\t\t\t\t\t<div class=\"bdt-ep-static-carousel-content\">\n\t\t\t\t\t\t\t\t\t\t\t\t\t\t\t\t\t\t\t\t\t\t<div class=\"bdt-ep-static-carousel-readmore-wrap\">\n\t\t\t<a class=\"bdt-ep-static-carousel-readmore\" href=\"https:\/\/wa.me\/385955075607\">\n\t\t\t\tRead More\t\t\t\t\t\t\t<\/a>\n\t\t<\/div>\n\t\t\t\t\t\t<\/div>\n\t\t\t\t\t\t\t<\/div>\n\t\t\t\t\t\t\t\t<div class=\"bdt-ep-static-carousel-item swiper-slide\">\n\t\t\t\t\t\t<div class=\"bdt-flex bdt-ep-static-carousel-image bdt-flex bdt-ep-static-carousel-image bdt-flex bdt-ep-static-carousel-image\">\n\t\t\t<img decoding=\"async\" width=\"1000\" height=\"670\" src=\"https:\/\/charter-makarska.com\/nova\/wp-content\/uploads\/2023\/04\/Jeanneau_prestige_36-03-1000x670-1.jpg\" class=\"attachment-full size-full\" alt=\"This is a title\" srcset=\"https:\/\/charter-makarska.com\/nova\/wp-content\/uploads\/2023\/04\/Jeanneau_prestige_36-03-1000x670-1.jpg 1000w, https:\/\/charter-makarska.com\/nova\/wp-content\/uploads\/2023\/04\/Jeanneau_prestige_36-03-1000x670-1-300x201.jpg 300w, https:\/\/charter-makarska.com\/nova\/wp-content\/uploads\/2023\/04\/Jeanneau_prestige_36-03-1000x670-1-768x515.jpg 768w\" sizes=\"(max-width: 1000px) 100vw, 1000px\" \/>\t\t\t\t\t<\/div>\n\t\t\t\t\t\t<div class=\"bdt-ep-static-carousel-content\">\n\t\t\t\t\t\t\t\t\t\t\t\t\t\t\t\t\t\t\t\t\t\t<div class=\"bdt-ep-static-carousel-readmore-wrap\">\n\t\t\t<a class=\"bdt-ep-static-carousel-readmore\" href=\"https:\/\/wa.me\/385955075607\">\n\t\t\t\tRead More\t\t\t\t\t\t\t<\/a>\n\t\t<\/div>\n\t\t\t\t\t\t<\/div>\n\t\t\t\t\t\t\t<\/div>\n\t\t\t\t\t\t\t\t<div class=\"bdt-ep-static-carousel-item swiper-slide\">\n\t\t\t\t\t\t<div class=\"bdt-flex bdt-ep-static-carousel-image bdt-flex bdt-ep-static-carousel-image bdt-flex bdt-ep-static-carousel-image bdt-flex bdt-ep-static-carousel-image\">\n\t\t\t<img loading=\"lazy\" decoding=\"async\" width=\"1000\" height=\"670\" src=\"https:\/\/charter-makarska.com\/nova\/wp-content\/uploads\/2023\/04\/Jeanneau_prestige_36-04-1000x670-1.jpg\" class=\"attachment-full size-full\" alt=\"This is a title\" srcset=\"https:\/\/charter-makarska.com\/nova\/wp-content\/uploads\/2023\/04\/Jeanneau_prestige_36-04-1000x670-1.jpg 1000w, https:\/\/charter-makarska.com\/nova\/wp-content\/uploads\/2023\/04\/Jeanneau_prestige_36-04-1000x670-1-300x201.jpg 300w, https:\/\/charter-makarska.com\/nova\/wp-content\/uploads\/2023\/04\/Jeanneau_prestige_36-04-1000x670-1-768x515.jpg 768w\" sizes=\"(max-width: 1000px) 100vw, 1000px\" \/>\t\t\t\t\t<\/div>\n\t\t\t\t\t\t<div class=\"bdt-ep-static-carousel-content\">\n\t\t\t\t\t\t\t\t\t\t\t\t\t\t\t\t\t\t\t\t\t\t<div class=\"bdt-ep-static-carousel-readmore-wrap\">\n\t\t\t<a class=\"bdt-ep-static-carousel-readmore\" href=\"https:\/\/wa.me\/385955075607\">\n\t\t\t\tRead More\t\t\t\t\t\t\t<\/a>\n\t\t<\/div>\n\t\t\t\t\t\t<\/div>\n\t\t\t\t\t\t\t<\/div>\n\t\t\t\t\t\t\t\t<div class=\"bdt-ep-static-carousel-item swiper-slide\">\n\t\t\t\t\t\t<div class=\"bdt-flex bdt-ep-static-carousel-image bdt-flex bdt-ep-static-carousel-image bdt-flex bdt-ep-static-carousel-image bdt-flex bdt-ep-static-carousel-image bdt-flex bdt-ep-static-carousel-image\">\n\t\t\t<img loading=\"lazy\" decoding=\"async\" width=\"1000\" height=\"670\" src=\"https:\/\/charter-makarska.com\/nova\/wp-content\/uploads\/2023\/04\/Jeanneau_prestige_36-05-1000x670-1.jpg\" class=\"attachment-full size-full\" alt=\"This is a title\" srcset=\"https:\/\/charter-makarska.com\/nova\/wp-content\/uploads\/2023\/04\/Jeanneau_prestige_36-05-1000x670-1.jpg 1000w, https:\/\/charter-makarska.com\/nova\/wp-content\/uploads\/2023\/04\/Jeanneau_prestige_36-05-1000x670-1-300x201.jpg 300w, https:\/\/charter-makarska.com\/nova\/wp-content\/uploads\/2023\/04\/Jeanneau_prestige_36-05-1000x670-1-768x515.jpg 768w\" sizes=\"(max-width: 1000px) 100vw, 1000px\" \/>\t\t\t\t\t<\/div>\n\t\t\t\t\t\t<div class=\"bdt-ep-static-carousel-content\">\n\t\t\t\t\t\t\t\t\t\t\t\t\t\t\t\t\t\t\t\t\t\t<div class=\"bdt-ep-static-carousel-readmore-wrap\">\n\t\t\t<a class=\"bdt-ep-static-carousel-readmore\" href=\"https:\/\/wa.me\/385955075607\">\n\t\t\t\tRead More\t\t\t\t\t\t\t<\/a>\n\t\t<\/div>\n\t\t\t\t\t\t<\/div>\n\t\t\t\t\t\t\t<\/div>\n\t\t\t\t\t\t<\/div>\n\t\t\t\t<\/div>\n\n\t\t\t\t\t\t\t<div class=\"bdt-position-z-index bdt-position-center\">\n\t\t\t<div class=\"bdt-arrows-dots-container bdt-slidenav-container \">\n\n\t\t\t\t<div class=\"bdt-flex bdt-flex-middle\">\n\t\t\t\t\t<div class=\"bdt-visible@m\">\n\t\t\t\t\t\t<div class=\"bdt-navigation-prev bdt-slidenav-previous bdt-icon bdt-slidenav\">\n\t\t\t\t\t\t\t<i class=\"ep-icon-arrow-left-0\" aria-hidden=\"true\"><\/i>\n\t\t\t\t\t\t<\/div>\n\t\t\t\t\t<\/div>\n\n\t\t\t\t\t\n\t\t\t\t\t<div class=\"bdt-visible@m\">\n\t\t\t\t\t\t<div class=\"bdt-navigation-next bdt-slidenav-next bdt-icon bdt-slidenav\">\n\t\t\t\t\t\t\t<i class=\"ep-icon-arrow-right-0\" aria-hidden=\"true\"><\/i>\n\t\t\t\t\t\t<\/div>\n\t\t\t\t\t<\/div>\n\n\t\t\t\t<\/div>\n\t\t\t<\/div>\n\t\t<\/div>\n\t\t\t\t\t\t\t\t<div class=\"bdt-position-z-index bdt-position-bottom\">\n\t\t\t\t\t<div class=\"bdt-dots-container\">\n\t\t\t\t\t\t<div class=\"swiper-pagination\"><\/div>\n\t\t\t\t\t<\/div>\n\t\t\t\t<\/div>\n\t\t\t\t\t\n\t\t<\/div>\n\n\t\t\t\t<\/div>\n\t\t\t\t<\/div>\n\t\t\t\t<section class=\"elementor-section elementor-inner-section elementor-element elementor-element-37691ae elementor-section-boxed elementor-section-height-default elementor-section-height-default\" data-id=\"37691ae\" data-element_type=\"section\" data-e-type=\"section\" data-settings=\"{&quot;background_background&quot;:&quot;classic&quot;}\">\n\t\t\t\t\t\t<div class=\"elementor-container elementor-column-gap-default\">\n\t\t\t\t\t<div class=\"elementor-column elementor-col-50 elementor-inner-column elementor-element elementor-element-8bceee5\" data-id=\"8bceee5\" data-element_type=\"column\" data-e-type=\"column\">\n\t\t\t<div class=\"elementor-widget-wrap elementor-element-populated\">\n\t\t\t\t\t\t<div class=\"elementor-element elementor-element-062f6da elementor-widget elementor-widget-heading\" data-id=\"062f6da\" data-element_type=\"widget\" data-e-type=\"widget\" data-widget_type=\"heading.default\">\n\t\t\t\t<div class=\"elementor-widget-container\">\n\t\t\t\t\t<h2 class=\"elementor-heading-title elementor-size-default\">jeanneau prestige<\/h2>\t\t\t\t<\/div>\n\t\t\t\t<\/div>\n\t\t\t\t<div class=\"elementor-element elementor-element-62c1f00 elementor-widget elementor-widget-text-editor\" data-id=\"62c1f00\" data-element_type=\"widget\" data-e-type=\"widget\" data-widget_type=\"text-editor.default\">\n\t\t\t\t<div class=\"elementor-widget-container\">\n\t\t\t\t\t\t\t\t\t<p>\u00a0<\/p><p><strong><span style=\"text-decoration: underline;\">OPREMA<\/span><\/strong><\/p><p>Krevet<\/p><p>Wc<\/p><p>Kabina<\/p><p>Kuhinja<\/p><p>Tu\u0161<\/p><p>Sun\u010dali\u0161te<\/p><p>Prsluci za spa\u0161avanje<\/p><p>\u00a0<\/p><p><span style=\"color: #000080;\"><strong><a style=\"color: #000080;\" href=\"https:\/\/wa.me\/385955075607\">Nazovite odmah<\/a><\/strong><\/span><\/p>\t\t\t\t\t\t\t\t<\/div>\n\t\t\t\t<\/div>\n\t\t\t\t\t<\/div>\n\t\t<\/div>\n\t\t\t\t<div class=\"elementor-column elementor-col-50 elementor-inner-column elementor-element elementor-element-3ef206a\" data-id=\"3ef206a\" data-element_type=\"column\" data-e-type=\"column\">\n\t\t\t<div class=\"elementor-widget-wrap elementor-element-populated\">\n\t\t\t\t\t\t\t<\/div>\n\t\t<\/div>\n\t\t\t\t\t<\/div>\n\t\t<\/section>\n\t\t\t\t\t<\/div>\n\t\t<\/div>\n\t\t\t\t\t<\/div>\n\t\t<\/section>\n\t\t\t\t<\/div>\n\t\t","protected":false},"excerpt":{"rendered":"<p>Jeanneau Prestige 36 jeanneau prestige \u00a0 OPREMA Krevet Wc Kabina Kuhinja Tu\u0161 Sun\u010dali\u0161te Prsluci za spa\u0161avanje \u00a0 Nazovite odmah<\/p>\n","protected":false},"author":2,"featured_media":0,"parent":0,"menu_order":0,"comment_status":"closed","ping_status":"closed","template":"","meta":{"pagelayer_contact_templates":[],"_pagelayer_content":"","footnotes":""},"class_list":["post-2032","page","type-page","status-publish","hentry"],"_links":{"self":[{"href":"https:\/\/charter-makarska.com\/nova\/wp-json\/wp\/v2\/pages\/2032","targetHints":{"allow":["GET"]}}],"collection":[{"href":"https:\/\/charter-makarska.com\/nova\/wp-json\/wp\/v2\/pages"}],"about":[{"href":"https:\/\/charter-makarska.com\/nova\/wp-json\/wp\/v2\/types\/page"}],"author":[{"embeddable":true,"href":"https:\/\/charter-makarska.com\/nova\/wp-json\/wp\/v2\/users\/2"}],"replies":[{"embeddable":true,"href":"https:\/\/charter-makarska.com\/nova\/wp-json\/wp\/v2\/comments?post=2032"}],"version-history":[{"count":16,"href":"https:\/\/charter-makarska.com\/nova\/wp-json\/wp\/v2\/pages\/2032\/revisions"}],"predecessor-version":[{"id":2422,"href":"https:\/\/charter-makarska.com\/nova\/wp-json\/wp\/v2\/pages\/2032\/revisions\/2422"}],"wp:attachment":[{"href":"https:\/\/charter-makarska.com\/nova\/wp-json\/wp\/v2\/media?parent=2032"}],"curies":[{"name":"wp","href":"https:\/\/api.w.org\/{rel}","templated":true}]}}